{"id":14,"date":"2023-07-21T13:11:26","date_gmt":"2023-07-21T11:11:26","guid":{"rendered":"https:\/\/www.maku7.de\/?page_id=14"},"modified":"2023-08-09T12:52:06","modified_gmt":"2023-08-09T10:52:06","slug":"startseite","status":"publish","type":"page","link":"https:\/\/www.maku7.de\/","title":{"rendered":"Willkommen"},"content":{"rendered":"\n<div class=\"wp-block-cover\" style=\"min-height:100vh;aspect-ratio:unset;\"><span aria-hidden=\"true\" class=\"wp-block-cover__background has-background-dim-0 has-background-dim\"><\/span><img loading=\"lazy\" decoding=\"async\" width=\"1254\" height=\"836\" class=\"wp-block-cover__image-background wp-image-144\" alt=\"Titelbild\" src=\"https:\/\/www.maku7.de\/wp-content\/uploads\/2023\/07\/iStock-875273138-2.jpg\" data-object-fit=\"cover\" srcset=\"https:\/\/www.maku7.de\/wp-content\/uploads\/2023\/07\/iStock-875273138-2.jpg 1254w, https:\/\/www.maku7.de\/wp-content\/uploads\/2023\/07\/iStock-875273138-2-300x200.jpg 300w, https:\/\/www.maku7.de\/wp-content\/uploads\/2023\/07\/iStock-875273138-2-1024x683.jpg 1024w, https:\/\/www.maku7.de\/wp-content\/uploads\/2023\/07\/iStock-875273138-2-768x512.jpg 768w\" sizes=\"auto, (max-width: 1254px) 100vw, 1254px\" \/><div class=\"wp-block-cover__inner-container is-layout-flow wp-block-cover-is-layout-flow\">\n<h1 class=\"wp-block-heading has-text-align-center has-text-color\" style=\"color:#121212\"><mark style=\"background-color:rgba(0, 0, 0, 0)\" class=\"has-inline-color has-white-color\"><kbd><strong>Aus Feuer und Stahl gemacht f\u00fcr Deine Visionen.<\/strong><\/kbd><\/mark><\/h1>\n\n\n\n<div style=\"height:78px\" aria-hidden=\"true\" class=\"wp-block-spacer\"><\/div>\n\n\n\n<p><\/p>\n<\/div><\/div>\n\n\n\n<div style=\"height:47px\" aria-hidden=\"true\" class=\"wp-block-spacer\"><\/div>\n\n\n\n<div class=\"wp-block-columns is-layout-flex wp-container-core-columns-is-layout-9d6595d7 wp-block-columns-is-layout-flex\">\n<div class=\"wp-block-column is-layout-flow wp-block-column-is-layout-flow\"><div class=\"wp-block-image icon-style is-style-default\">\n<figure class=\"aligncenter size-full\"><img loading=\"lazy\" decoding=\"async\" width=\"175\" height=\"175\" src=\"https:\/\/www.maku7.de\/wp-content\/uploads\/2023\/07\/icon-01.png\" alt=\"\" class=\"wp-image-156\" srcset=\"https:\/\/www.maku7.de\/wp-content\/uploads\/2023\/07\/icon-01.png 175w, https:\/\/www.maku7.de\/wp-content\/uploads\/2023\/07\/icon-01-150x150.png 150w\" sizes=\"auto, (max-width: 175px) 100vw, 175px\" \/><\/figure>\n<\/div>\n\n\n<div style=\"height:20px\" aria-hidden=\"true\" class=\"wp-block-spacer\"><\/div>\n\n\n\n<h2 class=\"wp-block-heading has-text-align-center has-neve-text-color-color has-text-color\"><sub>Qualit\u00e4tskontrollen nach h\u00f6chsten Standard<\/sub><\/h2>\n\n\n\n<p class=\"has-text-align-center\">Unsere Produkte durchlaufen rigorose Kontrollen, um sicherzustellen, dass sie den h\u00f6chsten Qualit\u00e4tsstandards entsprechen.<\/p>\n\n\n\n<div style=\"height:20px\" aria-hidden=\"true\" class=\"wp-block-spacer\"><\/div>\n<\/div>\n\n\n\n<div class=\"wp-block-column is-layout-flow wp-block-column-is-layout-flow\"><div class=\"wp-block-image icon-style is-style-default\">\n<figure class=\"aligncenter size-full\"><img loading=\"lazy\" decoding=\"async\" width=\"175\" height=\"175\" src=\"https:\/\/www.maku7.de\/wp-content\/uploads\/2023\/07\/icon-02.png\" alt=\"\" class=\"wp-image-157\" srcset=\"https:\/\/www.maku7.de\/wp-content\/uploads\/2023\/07\/icon-02.png 175w, https:\/\/www.maku7.de\/wp-content\/uploads\/2023\/07\/icon-02-150x150.png 150w\" sizes=\"auto, (max-width: 175px) 100vw, 175px\" \/><\/figure>\n<\/div>\n\n\n<div style=\"height:20px\" aria-hidden=\"true\" class=\"wp-block-spacer\"><\/div>\n\n\n\n<h2 class=\"wp-block-heading has-text-align-center has-neve-text-color-color has-text-color\"><sub>Zertifizierte Materialien<\/sub><\/h2>\n\n\n\n<p class=\"has-text-align-center\">Wir verwenden nur zertifizierte und gepr\u00fcfte Materialien, um die Langlebigkeit und Zuverl\u00e4ssigkeit unserer Produkte zu gew\u00e4hrleisten.<\/p>\n\n\n\n<div style=\"height:20px\" aria-hidden=\"true\" class=\"wp-block-spacer\"><\/div>\n<\/div>\n\n\n\n<div class=\"wp-block-column is-layout-flow wp-block-column-is-layout-flow\"><div class=\"wp-block-image icon-style is-style-default\">\n<figure class=\"aligncenter size-full\"><img loading=\"lazy\" decoding=\"async\" width=\"175\" height=\"175\" src=\"https:\/\/www.maku7.de\/wp-content\/uploads\/2023\/07\/icon-03.png\" alt=\"\" class=\"wp-image-158\" srcset=\"https:\/\/www.maku7.de\/wp-content\/uploads\/2023\/07\/icon-03.png 175w, https:\/\/www.maku7.de\/wp-content\/uploads\/2023\/07\/icon-03-150x150.png 150w\" sizes=\"auto, (max-width: 175px) 100vw, 175px\" \/><\/figure>\n<\/div>\n\n\n<div style=\"height:20px\" aria-hidden=\"true\" class=\"wp-block-spacer\"><\/div>\n\n\n\n<h2 class=\"wp-block-heading has-text-align-center has-neve-text-color-color has-text-color\">\u00dcberwachung der Produktionsprozesse<\/h2>\n\n\n\n<p class=\"has-text-align-center\">Unsere Fertigungsabl\u00e4ufe werden kontinuierlich \u00fcberwacht und regelm\u00e4\u00dfig \u00fcberpr\u00fcft, um h\u00f6chste Effizienz und Qualit\u00e4t sicherzustellen.<\/p>\n\n\n\n<div style=\"height:20px\" aria-hidden=\"true\" class=\"wp-block-spacer\"><\/div>\n<\/div>\n<\/div>\n","protected":false},"excerpt":{"rendered":"<p>Qualit\u00e4tskontrollen nach h\u00f6chsten Standard Unsere Produkte durchlaufen rigorose Kontrollen, um sicherzustellen, dass sie den h\u00f6chsten Qualit\u00e4tsstandards entsprechen. Zertifizierte Materialien Wir verwenden nur zertifizierte und gepr\u00fcfte Materialien, um die Langlebigkeit und Zuverl\u00e4ssigkeit unserer Produkte zu gew\u00e4hrleisten. \u00dcberwachung der Produktionsprozesse Unsere Fertigungsabl\u00e4ufe werden kontinuierlich \u00fcberwacht und regelm\u00e4\u00dfig \u00fcberpr\u00fcft, um h\u00f6chste Effizienz und Qualit\u00e4t sicherzustellen.<\/p>\n","protected":false},"author":1,"featured_media":0,"parent":0,"menu_order":0,"comment_status":"closed","ping_status":"closed","template":"","meta":{"footnotes":""},"class_list":["post-14","page","type-page","status-publish"],"_links":{"self":[{"href":"https:\/\/www.maku7.de\/index.php\/wp-json\/wp\/v2\/pages\/14","targetHints":{"allow":["GET"]}}],"collection":[{"href":"https:\/\/www.maku7.de\/index.php\/wp-json\/wp\/v2\/pages"}],"about":[{"href":"https:\/\/www.maku7.de\/index.php\/wp-json\/wp\/v2\/types\/page"}],"author":[{"embeddable":true,"href":"https:\/\/www.maku7.de\/index.php\/wp-json\/wp\/v2\/users\/1"}],"replies":[{"embeddable":true,"href":"https:\/\/www.maku7.de\/index.php\/wp-json\/wp\/v2\/comments?post=14"}],"version-history":[{"count":22,"href":"https:\/\/www.maku7.de\/index.php\/wp-json\/wp\/v2\/pages\/14\/revisions"}],"predecessor-version":[{"id":207,"href":"https:\/\/www.maku7.de\/index.php\/wp-json\/wp\/v2\/pages\/14\/revisions\/207"}],"wp:attachment":[{"href":"https:\/\/www.maku7.de\/index.php\/wp-json\/wp\/v2\/media?parent=14"}],"curies":[{"name":"wp","href":"https:\/\/api.w.org\/{rel}","templated":true}]}}